{"id":21,"date":"2023-08-23T22:09:32","date_gmt":"2023-08-23T22:09:32","guid":{"rendered":"https:\/\/www.gestioneslaidea.cl\/?page_id=21"},"modified":"2026-03-10T13:49:22","modified_gmt":"2026-03-10T13:49:22","slug":"home","status":"publish","type":"page","link":"https:\/\/www.otecjk.cl\/","title":{"rendered":"Home"},"content":{"rendered":"\n\n\n\n<h2>KOMANDER CAPACITACI\u00d3N<\/h2>\n<h8><p style=\"text-align: justify;\">\nEs un organismo t\u00e9cnico de capacitaci\u00f3n (OTEC), certificado con la norma Chilena NCH 2728 -2015 autorizados por OS 10 de Carabineros de Chile, resoluci\u00f3n N\u00b0 020112030155 y Armada de Chile DIRECTEMAR N\u00b0 2111902, somos una empresa enfocada en lograr nuestro objetivo de mejora continua en los servicios de capacitaci\u00f3n, contamos con un equipo de capacitadores profesionales de distintas \u00e1reas, los que se destacan por su entrega de ense\u00f1ar, empat\u00eda con los alumnos y comunicaci\u00f3n asertiva.<\/p><\/h8>\n\n\n\n\n\n\n<span style=\"font-size: 24px; font-family: Rokkitt;\"><strong style=\"color: #ffffff;\"><br><\/strong><\/span><p><span style=\"font-size: 24px; font-family: Rokkitt;\"><strong style=\"color: #ffffff;\">Convocation Ceremony<\/strong><\/span><\/p>\n\n\n\n\n\n\n\n\n\n\n\n\n\n\n\n\n\n\n\n\n\n\n\n\n\n\n\n\n\n\n\n\n\n\n\n\n\n\n\n\n\n<p style=\"text-align: center; \"><span style=\"font-size: 20px; color: rgb(255, 255, 255);\">DETAILS<\/span><\/p>\n\n\n\n\n\n\n\n\n\n\n\n\n\n\n\n\n\n\n\n\n\n\n\n\n\n\n\n\n\n\n\n\n\n<p style=\"text-align: center; font-size: 20px;\"><span style=\"color: rgb(255, 255, 255);\">DETAILS<\/span><\/p>\n\n\n\n\n\n\n\n\n\n\n\n\n\n\n\n\n\n\n\n\n\n\n\n\n\n\n\n\n\n\n\n\n\n<p style=\"text-align: center; font-size: 20px;\"><span style=\"color: rgb(255, 255, 255);\">DETAILS<\/span><\/p>\n\n\n\n\n\n\n\n\n\n\n\n\n\n\n\n\n\n\n\n\n\n\n\n\n\n\n\n\n\n\n\n\n\n\n\n\n\n<p style=\"text-align: center; \"><span style=\"color: rgb(255, 255, 255); font-size: 20px;\">DETAILS<\/span><\/p>\n\n\n\n\n\n\n\n\n\n\n\n\n\n\n\n\n\n\n\n\n\n\n\n\n\n\n\n\n\n\n\n\n\n<p style=\"text-align: center;\"><span style=\"background-color: transparent; color: rgb(255, 255, 255);\">DETAILS<\/span><\/p>\n\n\n\n\n\n\n\n\n\n\n\n\n\n\n\n\n\n\n\n\n\n\n\n\n\n\n\n\n\n\n\n\n\n<p style=\"text-align: center;\"><span style=\"background-color: transparent; color: rgb(255, 255, 255);\">DETAILS<\/span><\/p>\n\n\n\n\n\n\n\n\n\n\n\n\n\n\n\n\n\n\n\n\n\n\n\n\n\n\n\n\n\n\n\n\n\n\n\n\n\n<p style=\"text-align: center; \"><span style=\"color: rgb(255, 255, 255); font-size: 20px;\">DETAILS<\/span><\/p>\n\n\n\n\n\n\n\n\n\n\n\n\n\n\n\n\n\n\n\n\n\n\n\n\n\n\n\n\n\n\n\n\n\n<p style=\"text-align: center;\"><span style=\"background-color: transparent; font-size: 20px; color: rgb(255, 255, 255);\">DETAILS<\/span><\/p>\n\n\n\n\n\n\n\n\n\n\n\n\n\n\n\n\n\n\n\n\n\n\n\n\n\n\n\n\n\n\n\n\n<p style=\"text-align: center;\"><span style=\"background-color: transparent; font-size: 20px; color: rgb(255, 255, 255);\">DETAILS<\/span><\/p>\n\n\n\n\n\n\n\n\n\n\n\n\n\n\n\n\n<h2>Nuestros Cursos<\/h2>\n\n\n\n\n\n\n\n\n\n\n<strong>REQUISITOS:<\/strong><br>\nFotocopia carnet legalizada<br>\nCertificado de antecedentes fines especiales<br>\nCertificado de estudio 4 medio aprobado<br>\nCertificado m\u00e9dico (ser apto para labores de guardia)<br>\nCertificado psicol\u00f3gico (control de impulso)<br>\nCertificado deudas (gratis p\u00e1gina Chile Atiende)<br>\nCertificado ley de estadio (la empresa hace el tr\u00e1mite)<br>\nDeclaraci\u00f3n jurada (se firma en la oficina)<br>\n<br>\nValor  del Curso $120.000\n<br>\nABONO DEL 50% AL MOMENTO DE PRESENTAR LA DOCUMENTACI\u00d3N Y EL OTRO 50% SE PAGA AL MOMENTO DE INICIAR EL CURSO\n\n\n\n\n\n\n\n\n<strong>REQUISITOS:<\/strong><br>Fotocopia c\u00e9dula de identidad <br>Certificado de antecedentes <br>Curso vigente ggss , se exige curso de 30 horas <br>Si posee t\u00edtulo t\u00e9cnico nivel superior se exige curso de 30 horas <br>\nPersonal en situaci\u00f3n de retiro m\u00e1s de 20 a\u00f1os de las FFAA., carabineros de chile, polic\u00eda de investigaciones y gendarmer\u00eda se exige curso de 30 horas\n\n\n\n\n\n\n\n\n<strong>REQUISITOS:<\/strong><br> Fotocopia c\u00e9dula de identidad <br> \nCertificado de ense\u00f1anza media <br> \nCertificado de antecedentes<br>\n\n\n\n\n\n\n\n\n<strong>REQUISITOS:<\/strong><br> Fotocopia c\u00e9dula de identidad <br>\nCertificado psicol\u00f3gico otorgado por profesional competente <br>\nCertificado m\u00e9dico otorgado por un profesional acreditado <br>\nCertificado de antecedentes para fines especiales <br>\nCertificado de informes comerciales\n\n\n\n\n\n\n\n\n\n\n\n\n\n\n\n\n\n\n\n\n\n\n\n\n\n\n<h2>Misi\u00f3n &amp; Visi\u00f3n<\/h2>\n\n\n<h5>MISI\u00d3N &#038; VISI\u00d3N<\/h3>\n\n\nDise\u00f1ar e impartir cursos de capacitaci\u00f3n en seguridad privada, que cumpliendo con la normativa legal vigente, permita mejorar el conocimiento, las habilidades y destrezas, de las personas que laboran en la industria de la seguridad privada en Chile, entregando a nuestros clientes un servicio de calidad, util, oportuno y respetuoso.\nNuestra misi\u00f3n es proporcionar soluciones integrales de seguridad privada, apoyadas por un equipo altamente capacitado y comprometido. Trabajamos d\u00eda a d\u00eda para ofrecer servicios personalizados, combinando estrategias t\u00e1cticas y el uso de tecnolog\u00edas de vanguardia que garanticen la protecci\u00f3n de personas y bienes.\n\n\nNuestra Visi\u00f3n es lograr posicionarnos como una referencia en el mercado de la capacitaci\u00f3n de seguridad privada en Chile, centrandon\u00f3s fundamentalmente en varios aspectos clave. Primero, la calidad de los programas de capacitaci\u00f3n debe ser excepcional, ofreciendo contenido actualizado y relevante que cumpla con las normativas nacionales. La innovaci\u00f3n es otro pilar esencial; esto implica incorporar tecnolog\u00edas avanzadas, como simulaciones virtuales o plataformas de aprendizaje en l\u00ednea, para mejorar la experiencia educativa de los participantes.\n\n\n\n\n\n\n\n<h2>Cont\u00e1ctanos<\/h2>\n\n\nBaquedano 1035 of. 08, Iquique\n\n\n\n\n\n\n\n\n\n\n\n\n\n","protected":false},"excerpt":{"rendered":"","protected":false},"author":0,"featured_media":0,"parent":0,"menu_order":0,"comment_status":"closed","ping_status":"closed","template":"","meta":{"pagelayer_contact_templates":[],"_pagelayer_content":"","_joinchat":[],"footnotes":""},"class_list":["post-21","page","type-page","status-publish","hentry"],"_links":{"self":[{"href":"https:\/\/www.otecjk.cl\/index.php?rest_route=\/wp\/v2\/pages\/21","targetHints":{"allow":["GET"]}}],"collection":[{"href":"https:\/\/www.otecjk.cl\/index.php?rest_route=\/wp\/v2\/pages"}],"about":[{"href":"https:\/\/www.otecjk.cl\/index.php?rest_route=\/wp\/v2\/types\/page"}],"replies":[{"embeddable":true,"href":"https:\/\/www.otecjk.cl\/index.php?rest_route=%2Fwp%2Fv2%2Fcomments&post=21"}],"version-history":[{"count":76,"href":"https:\/\/www.otecjk.cl\/index.php?rest_route=\/wp\/v2\/pages\/21\/revisions"}],"predecessor-version":[{"id":268,"href":"https:\/\/www.otecjk.cl\/index.php?rest_route=\/wp\/v2\/pages\/21\/revisions\/268"}],"wp:attachment":[{"href":"https:\/\/www.otecjk.cl\/index.php?rest_route=%2Fwp%2Fv2%2Fmedia&parent=21"}],"curies":[{"name":"wp","href":"https:\/\/api.w.org\/{rel}","templated":true}]}}